{"id":3630,"date":"2020-02-12T08:51:30","date_gmt":"2020-02-12T07:51:30","guid":{"rendered":"https:\/\/blaavandfisk.dk\/front\/"},"modified":"2025-01-17T14:21:38","modified_gmt":"2025-01-17T13:21:38","slug":"front","status":"publish","type":"page","link":"https:\/\/blaavandfisk.dk\/de\/","title":{"rendered":"Front"},"content":{"rendered":"<section class=\"wpb-content-wrapper\"><p>[vc_row full_width=&#8220;stretch_row&#8220;][vc_column]<div class=\"ult-spacer spacer-69f21b3c33500\" data-id=\"69f21b3c33500\" data-height=\"90\" data-height-mobile=\"60\" data-height-tab=\"90\" data-height-tab-portrait=\"60\" data-height-mobile-landscape=\"60\" style=\"clear:both;display:block;\"><\/div>[vc_column_text el_class=&#8220;custom&#8220;]<\/p>\n<h6 style=\"text-align: center;\">Bl\u00e5vand&#8217;s Fiskerestaurant<\/h6>\n<p>[\/vc_column_text][vc_empty_space height=&#8220;10px&#8220;][vc_column_text el_class=&#8220;custom-heading&#8220;]<\/p>\n<h1 style=\"text-align: center;\">Fischh\u00e4ndler in Bl\u00e5vand mit gro\u00dfer Auswahl an frischem Fisch<\/h1>\n<p style=\"text-align: center;\">Bl\u00e5vand Fiskebutik &amp; Restaurant hat eine einzigartige Lage mitten in Bl\u00e5vand &#8211; unter anderem in der N\u00e4he der Nordsee, Varde und Esbjerg. Sie k\u00f6nnen immer frischen Fisch nach Hause bekommen.<\/p>\n<h2 style=\"text-align: center;\">Ihr lokaler Fischladen und Restaurant<\/h2>\n<p style=\"text-align: center;\">Neben unserem Fischgesch\u00e4ft und Fischverkauf haben wir auch ein gem\u00fctliches Fischrestaurant mit einer gro\u00dfen Auswahl an leckeren Gerichten.<\/p>\n<h4 style=\"text-align: center;\">\u200bFischgesch\u00e4ft mit fangfrischen und frisch ger\u00e4ucherten Fischspezialit\u00e4ten \u2013 Ihr Fischh\u00e4ndler vor Ort<\/h4>\n<p style=\"text-align: center;\">In unserem Fischgesch\u00e4ft k\u00f6nnen Sie von Scholle und Forelle bis hin zu Hering und Lachs alles kaufen. Wir verkaufen sowohl frischen als auch marinierten Fisch und hausgemachte Fisch- und Meeresfr\u00fcchtesalate, und Sie k\u00f6nnen auch ger\u00e4ucherten <a href=\"https:\/\/blaavandfisk.dk\/de\/geraeucherte-produkte\/\">Fisch aus<\/a> unserer eigenen R\u00e4ucherei in Esbjerg kaufen.<\/p>\n<p style=\"text-align: center;\">Bei Fragen zu unserem Fischverkauf oder unserem leckeren <a href=\"https:\/\/blaavandfisk.dk\/de\/frokostbueffett\/\">Fischbuffet<\/a> stehen wir Ihnen gerne zur Verf\u00fcgung. In unserem Fischshop erhalten Sie au\u00dferdem viele gute Tipps von unseren Fischh\u00e4ndlern und Rezepte zum Nachkochen.<\/p>\n<p style=\"text-align: center;\">Gerne k\u00f6nnen Sie auch die <a class=\"smooth-scroll\" href=\"\/#booking\">Online-Buchung nutzen<\/a>, wenn Sie in unserem gem\u00fctlichen Restaurant einen Tisch f\u00fcr einen gem\u00fctlichen Abend mit der ganzen Familie reservieren m\u00f6chten.<\/p>\n<p style=\"text-align: center;\">Kontaktieren Sie unser Gesch\u00e4ft oder Restaurant noch heute telefonisch <a href=\"tel:75278510\">(+45) 75 27 85 10.<\/a> Wir freuen uns darauf, Ihnen beim Verkauf von Fisch behilflich zu sein und Sie in unserem Gesch\u00e4ft oder Restaurant begr\u00fc\u00dfen zu d\u00fcrfen.<\/p>\n<p>[\/vc_column_text]<div class=\"ult-spacer spacer-69f21b3c33548\" data-id=\"69f21b3c33548\" data-height=\"90\" data-height-mobile=\"60\" data-height-tab=\"90\" data-height-tab-portrait=\"60\" data-height-mobile-landscape=\"60\" style=\"clear:both;display:block;\"><\/div>[\/vc_column][\/vc_row][vc_row full_width=&#8220;stretch_row&#8220; el_class=&#8220;parallax overlay white&#8220; css=&#8220;.vc_custom_1659003051480{background-image: url(https:\/\/blaavandfisk.dk\/wp-content\/uploads\/2022\/07\/istock-1156027693-scaled.jpg?id=3407) !important;background-position: center !important;background-repeat: no-repeat !important;background-size: cover !important;}&#8220; el_id=&#8220;buchung&#8220;][vc_column]<div class=\"ult-spacer spacer-69f21b3c33570\" data-id=\"69f21b3c33570\" data-height=\"200\" data-height-mobile=\"100\" data-height-tab=\"200\" data-height-tab-portrait=\"150\" data-height-mobile-landscape=\"100\" style=\"clear:both;display:block;\"><\/div>[vc_column_text el_class=&#8220;cta&#8220;]<\/p>\n<h3 style=\"text-align: center;\">Online-Buchung<\/h3>\n<p>[\/vc_column_text]<div class=\"ult-spacer spacer-69f21b3c3359e\" data-id=\"69f21b3c3359e\" data-height=\"200\" data-height-mobile=\"100\" data-height-tab=\"200\" data-height-tab-portrait=\"150\" data-height-mobile-landscape=\"100\" style=\"clear:both;display:block;\"><\/div>[\/vc_column][\/vc_row][vc_row full_width=&#8220;stretch_row&#8220;][vc_column]<div class=\"ult-spacer spacer-69f21b3c335c3\" data-id=\"69f21b3c335c3\" data-height=\"90\" data-height-mobile=\"60\" data-height-tab=\"90\" data-height-tab-portrait=\"60\" data-height-mobile-landscape=\"60\" style=\"clear:both;display:block;\"><\/div>[vc_column_text]<\/p>\n<p style=\"text-align: center;\">Reservierung zwischen 18:00 und 19:30 Uhr &#8211; Rufen Sie das Restaurant an<\/p>\n<p style=\"text-align: center;\">Eine Online-Buchung am selben Tag ist nicht m\u00f6glich \u2013 rufen Sie das Restaurant unter <a href=\"tel:752%E2%80%8B78510\">(+45) 75 2\u200b7 85 10<\/a><\/p>\n<p>[\/vc_column_text][vc_empty_space height=&#8220;30px&#8220;][vc_raw_html el_class=&#8220;booking1&#8243;]PCEtLSBlYXN5VGFibGVCb29raW5nIFNUQVJUIC0tPg0KPHNjcmlwdCB0eXBlPSJ0ZXh0L2phdmFzY3JpcHQiPg0KKGZ1bmN0aW9uKCkgeyB2YXIgc3Q9ZG9jdW1lbnQuY3JlYXRlRWxlbWVudCgnc2NyaXB0Jyk7IHN0LnR5cGU9J3RleHQvamF2YXNjcmlwdCc7IHN0LmFzeW5jPXRydWU7IHN0LnNyYz0nLy9ib29rLmVhc3l0YWJsZWJvb2tpbmcuY29tL2Jvb2svd2lkZ2V0L3YzL2Jvb2suanMnOyB2YXIgc2M9ZG9jdW1lbnQuZ2V0RWxlbWVudHNCeVRhZ05hbWUoJ3NjcmlwdCcpWzBdOyBzYy5wYXJlbnROb2RlLmluc2VydEJlZm9yZShzdCwgc2MpOyB9KSgpOw0KPC9zY3JpcHQ+PG5vc2NyaXB0PkRpbiBicm93c2VyIGhhciBkZWFrdGl2ZXJldCBKYXZhU2NyaXB0ITwvbm9zY3JpcHQ+DQo8ZGl2IGNsYXNzPSJCb29raW5nQm94IiBkYXRhLXBsYWNlPSI5MDI5NiIgZGF0YS1sYW5nPSJhdXRvIj48c3Bhbj5JIHNhbWFyYmVqZGUgbWVkIDxhIGhyZWY9Imh0dHA6Ly9lYXN5dGFibGVib29raW5nLmRrLyIgdGFyZ2V0PSJfYmxhbmsiIHRpdGxlPSJPbmxpbmUgcmVzdGF1cmFudCBib29raW5nIj5lYXN5VGFibGVCb29raW5nLmRrPC9hPjwvc3Bhbj48L2Rpdj4NCjwhLS0gZWFzeVRhYmxlQm9va2luZyBFTkQgLS0+[\/vc_raw_html]<div class=\"ult-spacer spacer-69f21b3c335e7\" data-id=\"69f21b3c335e7\" data-height=\"90\" data-height-mobile=\"60\" data-height-tab=\"90\" data-height-tab-portrait=\"60\" data-height-mobile-landscape=\"60\" style=\"clear:both;display:block;\"><\/div>[\/vc_column][\/vc_row][vc_row full_width=&#8220;stretch_row&#8220; el_class=&#8220;parallax overlay white&#8220; css=&#8220;.vc_custom_1659004786713{background-image: url(https:\/\/blaavandfisk.dk\/wp-content\/uploads\/2022\/07\/istock-520490716-scaled.jpg?id=3410) !important;background-position: center !important;background-repeat: no-repeat !important;background-size: cover !important;}&#8220; el_id=&#8220;galerie&#8220;][vc_column]<div class=\"ult-spacer spacer-69f21b3c3360e\" data-id=\"69f21b3c3360e\" data-height=\"200\" data-height-mobile=\"100\" data-height-tab=\"200\" data-height-tab-portrait=\"150\" data-height-mobile-landscape=\"100\" style=\"clear:both;display:block;\"><\/div>[vc_column_text el_class=&#8220;cta&#8220;]<\/p>\n<h3 style=\"text-align: center;\">Galerie<\/h3>\n<p>[\/vc_column_text]<div class=\"ult-spacer spacer-69f21b3c33630\" data-id=\"69f21b3c33630\" data-height=\"200\" data-height-mobile=\"100\" data-height-tab=\"200\" data-height-tab-portrait=\"150\" data-height-mobile-landscape=\"100\" style=\"clear:both;display:block;\"><\/div>[\/vc_column][\/vc_row][vc_row full_width=&#8220;stretch_row&#8220;][vc_column]<div class=\"ult-spacer spacer-69f21b3c33652\" data-id=\"69f21b3c33652\" data-height=\"90\" data-height-mobile=\"60\" data-height-tab=\"90\" data-height-tab-portrait=\"60\" data-height-mobile-landscape=\"60\" style=\"clear:both;display:block;\"><\/div>[vc_column_text]<\/p>\n<h3 style=\"text-align: center;\">Siehe unsere Galerie<\/h3>\n<p>[\/vc_column_text][vc_empty_space height=&#8220;60px&#8220;][vc_basic_grid post_type=&#8220;post&#8220; max_items=&#8220;-1&#8243; item=&#8220;2934&#8243; grid_id=&#8220;vc_gid:1737120091467-33983e4f483522c9d43579cfcd8d414d-7&#8243; taxonomies=&#8220;4&#8243;][vc_empty_space height=&#8220;30px&#8220;][vc_raw_html]W2Zvcm1pbmF0b3JfZm9ybSBpZD0iMTk4NiJd[\/vc_raw_html]<div class=\"ult-spacer spacer-69f21b3c33673\" data-id=\"69f21b3c33673\" data-height=\"90\" data-height-mobile=\"60\" data-height-tab=\"90\" data-height-tab-portrait=\"60\" data-height-mobile-landscape=\"60\" style=\"clear:both;display:block;\"><\/div>[\/vc_column][\/vc_row][vc_row full_width=&#8220;stretch_row&#8220; el_class=&#8220;parallax overlay white&#8220; css=&#8220;.vc_custom_1659004763272{background-image: url(https:\/\/blaavandfisk.dk\/wp-content\/uploads\/2022\/07\/istock-1141194375-scaled.jpg?id=3409) !important;background-position: center !important;background-repeat: no-repeat !important;background-size: cover !important;}&#8220; el_id=&#8220;\u00fcber-uns&#8220;][vc_column]<div class=\"ult-spacer spacer-69f21b3c33693\" data-id=\"69f21b3c33693\" data-height=\"200\" data-height-mobile=\"100\" data-height-tab=\"200\" data-height-tab-portrait=\"150\" data-height-mobile-landscape=\"100\" style=\"clear:both;display:block;\"><\/div>[vc_column_text el_class=&#8220;cta&#8220;]<\/p>\n<h3 style=\"text-align: center;\">\u00dcber uns<\/h3>\n<p>[\/vc_column_text]<div class=\"ult-spacer spacer-69f21b3c336b6\" data-id=\"69f21b3c336b6\" data-height=\"200\" data-height-mobile=\"100\" data-height-tab=\"200\" data-height-tab-portrait=\"150\" data-height-mobile-landscape=\"100\" style=\"clear:both;display:block;\"><\/div>[\/vc_column][\/vc_row][vc_row full_width=&#8220;stretch_row&#8220;][vc_column]<div class=\"ult-spacer spacer-69f21b3c336d6\" data-id=\"69f21b3c336d6\" data-height=\"90\" data-height-mobile=\"60\" data-height-tab=\"90\" data-height-tab-portrait=\"60\" data-height-mobile-landscape=\"60\" style=\"clear:both;display:block;\"><\/div>[vc_column_text]<\/p>\n<h3 style=\"text-align: center;\">Profil<\/h3>\n<p style=\"text-align: center;\">Sie k\u00f6nnen die Nordsee kaum besuchen, ohne sie zu kosten. Das Bl\u00e5vand Fiskerestaurant befindet sich mitten in der Stadt Bl\u00e5vand und verf\u00fcgt \u00fcber eine k\u00f6stliche, beheizte Au\u00dfenterrasse mit Blick auf die Stra\u00dfe.<\/p>\n<p style=\"text-align: center;\">Die Men\u00fcs sind um die klassischen Fischgerichte herum aufgebaut und werden um einige Spezialit\u00e4ten aus fernen Regionen erg\u00e4nzt.<\/p>\n<p style=\"text-align: center;\">Neben dem Restaurant befindet sich das Fischgesch\u00e4ft. Hier bekommen Sie frischen Fisch &#8211; sowohl frisch, mariniert als auch ger\u00e4uchert. Hier finden Sie alles, was Sie f\u00fcr das k\u00f6stlichste Abendessen in Ihrer eigenen K\u00fcche brauchen.<\/p>\n<p>[\/vc_column_text]<div class=\"ult-spacer spacer-69f21b3c336f5\" data-id=\"69f21b3c336f5\" data-height=\"90\" data-height-mobile=\"60\" data-height-tab=\"90\" data-height-tab-portrait=\"60\" data-height-mobile-landscape=\"60\" style=\"clear:both;display:block;\"><\/div>[\/vc_column][\/vc_row][vc_row full_width=&#8220;stretch_row&#8220; el_class=&#8220;parallax overlay white&#8220; css=&#8220;.vc_custom_1659004542111{background-image: url(https:\/\/blaavandfisk.dk\/wp-content\/uploads\/2022\/07\/istock-916591460-scaled.jpg?id=3411) !important;background-position: center !important;background-repeat: no-repeat !important;background-size: cover !important;}&#8220; el_id=&#8220;kontakt&#8220;][vc_column]<div class=\"ult-spacer spacer-69f21b3c33714\" data-id=\"69f21b3c33714\" data-height=\"200\" data-height-mobile=\"100\" data-height-tab=\"200\" data-height-tab-portrait=\"150\" data-height-mobile-landscape=\"100\" style=\"clear:both;display:block;\"><\/div>[vc_column_text el_class=&#8220;cta&#8220;]<\/p>\n<h3 style=\"text-align: center;\">Kontakt<\/h3>\n<p>[\/vc_column_text]<div class=\"ult-spacer spacer-69f21b3c33733\" data-id=\"69f21b3c33733\" data-height=\"200\" data-height-mobile=\"100\" data-height-tab=\"200\" data-height-tab-portrait=\"150\" data-height-mobile-landscape=\"100\" style=\"clear:both;display:block;\"><\/div>[\/vc_column][\/vc_row][vc_row full_width=&#8220;stretch_row&#8220;][vc_column]<div class=\"ult-spacer spacer-69f21b3c33752\" data-id=\"69f21b3c33752\" data-height=\"90\" data-height-mobile=\"60\" data-height-tab=\"90\" data-height-tab-portrait=\"60\" data-height-mobile-landscape=\"60\" style=\"clear:both;display:block;\"><\/div>[vc_row_inner][vc_column_inner offset=&#8220;vc_col-lg-6 vc_col-md-6 vc_col-xs-12&#8243;][vc_column_text css=&#8220;.vc_custom_1727772199623{border-top-width: 2px !important;border-right-width: 2px !important;border-bottom-width: 2px !important;border-left-width: 2px !important;padding-top: 30px !important;padding-right: 30px !important;padding-bottom: 30px !important;padding-left: 30px !important;border-left-color: #2f71a4 !important;border-left-style: solid !important;border-right-color: #2f71a4 !important;border-right-style: solid !important;border-top-color: #2f71a4 !important;border-top-style: solid !important;border-bottom-color: #2f71a4 !important;border-bottom-style: solid !important;}&#8220;]<\/p>\n<h2 style=\"text-align: left;\">Kontaktiere uns heute<\/h2>\n<p style=\"text-align: left;\"><strong>Bl\u00e5vand&#8217;s Fiskerestaurant I\/S<\/strong><br \/>\nKallesm\u00e6rskvej 2, 6857 Bl\u00e5vand<\/p>\n<p style=\"text-align: left;\"><a href=\"tel:75278510\">(+45) 75 27 85 10<\/a><br \/>\n<a href=\"mailto:info@blaavandfisk.dk\">info@blaavandfisk.dk<\/a><\/p>\n<p style=\"text-align: left;\">CVR nr.: 41678348<\/p>\n<p><strong>Restaurant:<\/strong><br \/>\nMontag-Sonntag-11.30-21.00<\/p>\n<p>Uhr Die K\u00fcche schlie\u00dft 15 Minuten vorher.<\/p>\n<p><strong>Fisch-laden:<\/strong><br \/>\nMontag-Sonntag 10-17[\/vc_column_text]<div class=\"ult-spacer spacer-69f21b3c33771\" data-id=\"69f21b3c33771\" data-height=\"0\" data-height-mobile=\"30\" data-height-tab=\"0\" data-height-tab-portrait=\"30\" data-height-mobile-landscape=\"30\" style=\"clear:both;display:block;\"><\/div>[\/vc_column_inner][vc_column_inner offset=&#8220;vc_col-lg-6 vc_col-md-6 vc_col-xs-12&#8243;][vc_column_text]<\/p>\n<h3>Schreib uns<\/h3>\n<p>[\/vc_column_text][vc_empty_space height=&#8220;15px&#8220;][vc_raw_html]W2Zvcm1pbmF0b3JfZm9ybSBpZD0iNjYiXQ==[\/vc_raw_html][\/vc_column_inner][\/vc_row_inner]<div class=\"ult-spacer spacer-69f21b3c3378f\" data-id=\"69f21b3c3378f\" data-height=\"90\" data-height-mobile=\"60\" data-height-tab=\"90\" data-height-tab-portrait=\"60\" data-height-mobile-landscape=\"60\" style=\"clear:both;display:block;\"><\/div>[\/vc_column][\/vc_row][vc_row full_width=&#8220;stretch_row_content_no_spaces&#8220;][vc_column][vc_gmaps link=&#8220;#E-8_JTNDaWZyYW1lJTIwc3JjJTNEJTIyaHR0cHMlM0ElMkYlMkZ3d3cuZ29vZ2xlLmNvbSUyRm1hcHMlMkZlbWJlZCUzRnBiJTNEJTIxMW0xOCUyMTFtMTIlMjExbTMlMjExZDcyMjEyLjU0NTAzMDY4MTclMjEyZDguMDY1MDY5OTU3NDkzNDk3JTIxM2Q1NS41NTYwMTk0ODA1MDExMTQlMjEybTMlMjExZjAlMjEyZjAlMjEzZjAlMjEzbTIlMjExaTEwMjQlMjEyaTc2OCUyMTRmMTMuMSUyMTNtMyUyMTFtMiUyMTFzMHg0NjRhYzJiZjlmYmM4M2JmJTI1M0EweDdiZjQyY2E0NDBjNjZlM2MlMjEyc0thbGxlc20lMjVDMyUyNUE2cnNrdmVqJTI1MjAyJTI1MkMlMjUyMDY4NTclMjUyMEJsJTI1QzMlMjVBNXZhbmQlMjE1ZTAlMjEzbTIlMjExc2RhJTIxMnNkayUyMTR2MTY1OTAwNjgxNTAzOSUyMTVtMiUyMTFzZGElMjEyc2RrJTIyJTIwd2lkdGglM0QlMjI2MDAlMjIlMjBoZWlnaHQlM0QlMjI0NTAlMjIlMjBzdHlsZSUzRCUyMmJvcmRlciUzQTAlM0IlMjIlMjBhbGxvd2Z1bGxzY3JlZW4lM0QlMjIlMjIlMjBsb2FkaW5nJTNEJTIybGF6eSUyMiUyMHJlZmVycmVycG9saWN5JTNEJTIybm8tcmVmZXJyZXItd2hlbi1kb3duZ3JhZGUlMjIlM0UlM0MlMkZpZnJhbWUlM0U=&#8220; size=&#8220;400px&#8220;][vc_raw_html]PHNjcmlwdCB0eXBlPSJhcHBsaWNhdGlvbi9sZCtqc29uIj4NCnsNCiAgIkBjb250ZXh0IiA6ICJodHRwOi8vc2NoZW1hLm9yZyIsDQogICJAdHlwZSIgOiAiTG9jYWxCdXNpbmVzcyIsDQogICJuYW1lIiA6ICJCbMOldmFuZCBGaXNrZWJ1dGlrICYgUmVzdGF1cmFudCIsDQogICJpbWFnZSIgOiAiaHR0cHM6Ly9ibGFhdmFuZGZpc2suZGsvd3AtY29udGVudC91cGxvYWRzLzIwMjIvMDcvbG9nby01MDEucG5nIiwNCiAgInRlbGVwaG9uZSIgOiAiNzUgMjcgODUgMTAiLA0KICAiZW1haWwiIDogImluZm9AYmxhYXZhbmRmaXNrLmRrIiwNCiAgImFkZHJlc3MiIDogew0KICAgICJAdHlwZSIgOiAiUG9zdGFsQWRkcmVzcyIsDQogICAgInN0cmVldEFkZHJlc3MiIDogIkthbGxlc23DpnJza3ZlaiAyIiwNCiAgICAiYWRkcmVzc0xvY2FsaXR5IiA6ICJCbMOldmFuZCIsDQogICAgImFkZHJlc3NDb3VudHJ5IiA6ICJEYW5tYXJrIiwNCiAgICAicG9zdGFsQ29kZSIgOiAiNjg1NyINCiAgfSwNCiAgImRlc2NyaXB0aW9uIjogIkR1IGthbiBuw6ZzdGVuIGlra2UgYmVzw7hnZSBWZXN0ZXJoYXZldCB1ZGVuIGF0IHNtYWdlIHDDpSBkZXQuIEJsw6V2YW5kIEZpc2tlcmVzdGF1cmFudCBsaWdnZXIgbWlkdCBpIEJsw6V2YW5kIGJ5IG1lZCBsw6Zra2VyIHVkZW5kw7hycywgb3B2YXJtZXQgdGVycmFzc2UgdGlsIGdhZGVuLg0KDQpNZW51ZXJuZSBlciBieWdnZXQgb3Agb21rcmluZyBkZSBrbGFzc2lza2UgZmlza2VyZXR0ZXIgb2cgdGlsZsO4amV0IGVua2VsdGUgc3BlY2lhbGl0ZXRlciBmcmEgZmplcm5lIGhpbW1lbHN0csO4Zy4NCg0KVmVkIHNpZGVuIGFmIHJlc3RhdXJhbnRlbiBsaWdnZXIgZmlza2VidXRpa2tlbi4gSGVyIGthbiBkdSBmw6UgZnJpc2sgZmlzayDigJMgYsOlZGUgZmVyc2ssIG1hcmluZXJldCBvZyByw7hnZXQuIEhlciBmaW5kZXIgZHUgYWx0LCBkdSBza2FsIGJydWdlIHRpbCBkZW4gbMOma3Jlc3RlIG1pZGRhZyBpIGVnZXQga8O4a2tlbi4NCiIsDQoidXJsIjogImh0dHBzOi8vYmxhYXZhbmRmaXNrLmRrLyINCn0NCjwvc2NyaXB0Pg0K[\/vc_raw_html][\/vc_column][\/vc_row]<\/p>\n<\/section>","protected":false},"excerpt":{"rendered":"<p>[vc_row full_width=&#8220;stretch_row&#8220;][vc_column][vc_column_text el_class=&#8220;custom&#8220;] Bl\u00e5vand&#8217;s Fiskerestaurant [\/vc_column_text][vc_empty_space height=&#8220;10px&#8220;][vc_column_text el_class=&#8220;custom-heading&#8220;] Fischh\u00e4ndler in Bl\u00e5vand mit gro\u00dfer Auswahl an frischem Fisch Bl\u00e5vand Fiskebutik &amp; Restaurant hat eine einzigartige Lage mitten in Bl\u00e5vand &#8211; unter anderem in der N\u00e4he der Nordsee, Varde und Esbjerg. Sie k\u00f6nnen immer frischen Fisch nach Hause bekommen. Ihr lokaler Fischladen und Restaurant Neben unserem Fischgesch\u00e4ft &#8230; <a title=\"Front\" class=\"read-more\" href=\"https:\/\/blaavandfisk.dk\/de\/\" aria-label=\"Mehr zu Front\">Weiterlesen &#8230;<\/a><\/p>\n","protected":false},"author":1,"featured_media":0,"parent":0,"menu_order":0,"comment_status":"closed","ping_status":"closed","template":"","meta":{"_acf_changed":false,"footnotes":""},"categories":[],"acf":[],"yoast_head":"<!-- This site is optimized with the Yoast SEO plugin v22.4 - https:\/\/yoast.com\/wordpress\/plugins\/seo\/ -->\n<title>Bl\u00e5vand&#039;s Fiskerestaurant &amp; Fischh\u00e4ndler Ein Restaurant in Bl\u00e5vand<\/title>\n<meta name=\"description\" content=\"Kommen Sie in unserem wundervollen Restaurant in Bl\u00e5vand vorbei. &#183; Bl\u00e5vand&#039;s Fiskerestaurant ist sowohl ein Restaurant als auch ein Fischh\u00e4ndler. &#183; Reservieren Sie noch heute einen Tisch.\" \/>\n<meta name=\"robots\" content=\"index, follow, max-snippet:-1, max-image-preview:large, max-video-preview:-1\" \/>\n<link rel=\"canonical\" href=\"https:\/\/blaavandfisk.dk\/de\/\" \/>\n<meta property=\"og:locale\" content=\"de_DE\" \/>\n<meta property=\"og:type\" content=\"article\" \/>\n<meta property=\"og:title\" content=\"Bl\u00e5vand&#039;s Fiskerestaurant &amp; Fischh\u00e4ndler Ein Restaurant in Bl\u00e5vand\" \/>\n<meta property=\"og:description\" content=\"Kommen Sie in unserem wundervollen Restaurant in Bl\u00e5vand vorbei. &#183; Bl\u00e5vand&#039;s Fiskerestaurant ist sowohl ein Restaurant als auch ein Fischh\u00e4ndler. &#183; Reservieren Sie noch heute einen Tisch.\" \/>\n<meta property=\"og:url\" content=\"https:\/\/blaavandfisk.dk\/de\/\" \/>\n<meta property=\"og:site_name\" content=\"Bl\u00e5vand&#039;s Fiskerestaurant\" \/>\n<meta property=\"article:modified_time\" content=\"2025-01-17T13:21:38+00:00\" \/>\n<meta name=\"twitter:card\" content=\"summary_large_image\" \/>\n<meta name=\"twitter:label1\" content=\"Gesch\u00e4tzte Lesezeit\" \/>\n\t<meta name=\"twitter:data1\" content=\"4\u00a0Minuten\" \/>\n<script type=\"application\/ld+json\" class=\"yoast-schema-graph\">{\"@context\":\"https:\/\/schema.org\",\"@graph\":[{\"@type\":\"WebPage\",\"@id\":\"https:\/\/blaavandfisk.dk\/de\/\",\"url\":\"https:\/\/blaavandfisk.dk\/de\/\",\"name\":\"Bl\u00e5vand&#039;s Fiskerestaurant & Fischh\u00e4ndler Ein Restaurant in Bl\u00e5vand\",\"isPartOf\":{\"@id\":\"https:\/\/blaavandfisk.dk\/#website\"},\"datePublished\":\"2020-02-12T07:51:30+00:00\",\"dateModified\":\"2025-01-17T13:21:38+00:00\",\"description\":\"Kommen Sie in unserem wundervollen Restaurant in Bl\u00e5vand vorbei. &#183; Bl\u00e5vand&#039;s Fiskerestaurant ist sowohl ein Restaurant als auch ein Fischh\u00e4ndler. &#183; Reservieren Sie noch heute einen Tisch.\",\"breadcrumb\":{\"@id\":\"https:\/\/blaavandfisk.dk\/de\/#breadcrumb\"},\"inLanguage\":\"de\",\"potentialAction\":[{\"@type\":\"ReadAction\",\"target\":[\"https:\/\/blaavandfisk.dk\/de\/\"]}]},{\"@type\":\"BreadcrumbList\",\"@id\":\"https:\/\/blaavandfisk.dk\/de\/#breadcrumb\",\"itemListElement\":[{\"@type\":\"ListItem\",\"position\":1,\"name\":\"Hjem\",\"item\":\"https:\/\/blaavandfisk.dk\/de\/\"},{\"@type\":\"ListItem\",\"position\":2,\"name\":\"Front\"}]},{\"@type\":\"WebSite\",\"@id\":\"https:\/\/blaavandfisk.dk\/#website\",\"url\":\"https:\/\/blaavandfisk.dk\/\",\"name\":\"Bl\u00e5vand&#039;s Fiskerestaurant\",\"description\":\"Fiskehandler i Bl\u00e5vand med stort udvalg af frisk fisk\",\"publisher\":{\"@id\":\"https:\/\/blaavandfisk.dk\/#organization\"},\"potentialAction\":[{\"@type\":\"SearchAction\",\"target\":{\"@type\":\"EntryPoint\",\"urlTemplate\":\"https:\/\/blaavandfisk.dk\/?s={search_term_string}\"},\"query-input\":\"required name=search_term_string\"}],\"inLanguage\":\"de\"},{\"@type\":\"Organization\",\"@id\":\"https:\/\/blaavandfisk.dk\/#organization\",\"name\":\"Bl\u00e5vand&#039;s Fiskerestaurant\",\"url\":\"https:\/\/blaavandfisk.dk\/\",\"logo\":{\"@type\":\"ImageObject\",\"inLanguage\":\"de\",\"@id\":\"https:\/\/blaavandfisk.dk\/#\/schema\/logo\/image\/\",\"url\":\"https:\/\/blaavandfisk.dk\/wp-content\/uploads\/2022\/07\/logo-501.png\",\"contentUrl\":\"https:\/\/blaavandfisk.dk\/wp-content\/uploads\/2022\/07\/logo-501.png\",\"width\":473,\"height\":269,\"caption\":\"Bl\u00e5vand&#039;s Fiskerestaurant\"},\"image\":{\"@id\":\"https:\/\/blaavandfisk.dk\/#\/schema\/logo\/image\/\"}}]}<\/script>\n<!-- \/ Yoast SEO plugin. -->","yoast_head_json":{"title":"Bl\u00e5vand&#039;s Fiskerestaurant & Fischh\u00e4ndler Ein Restaurant in Bl\u00e5vand","description":"Kommen Sie in unserem wundervollen Restaurant in Bl\u00e5vand vorbei. &#183; Bl\u00e5vand&#039;s Fiskerestaurant ist sowohl ein Restaurant als auch ein Fischh\u00e4ndler. &#183; Reservieren Sie noch heute einen Tisch.","robots":{"index":"index","follow":"follow","max-snippet":"max-snippet:-1","max-image-preview":"max-image-preview:large","max-video-preview":"max-video-preview:-1"},"canonical":"https:\/\/blaavandfisk.dk\/de\/","og_locale":"de_DE","og_type":"article","og_title":"Bl\u00e5vand&#039;s Fiskerestaurant & Fischh\u00e4ndler Ein Restaurant in Bl\u00e5vand","og_description":"Kommen Sie in unserem wundervollen Restaurant in Bl\u00e5vand vorbei. &#183; Bl\u00e5vand&#039;s Fiskerestaurant ist sowohl ein Restaurant als auch ein Fischh\u00e4ndler. &#183; Reservieren Sie noch heute einen Tisch.","og_url":"https:\/\/blaavandfisk.dk\/de\/","og_site_name":"Bl\u00e5vand&#039;s Fiskerestaurant","article_modified_time":"2025-01-17T13:21:38+00:00","twitter_card":"summary_large_image","twitter_misc":{"Gesch\u00e4tzte Lesezeit":"4\u00a0Minuten"},"schema":{"@context":"https:\/\/schema.org","@graph":[{"@type":"WebPage","@id":"https:\/\/blaavandfisk.dk\/de\/","url":"https:\/\/blaavandfisk.dk\/de\/","name":"Bl\u00e5vand&#039;s Fiskerestaurant & Fischh\u00e4ndler Ein Restaurant in Bl\u00e5vand","isPartOf":{"@id":"https:\/\/blaavandfisk.dk\/#website"},"datePublished":"2020-02-12T07:51:30+00:00","dateModified":"2025-01-17T13:21:38+00:00","description":"Kommen Sie in unserem wundervollen Restaurant in Bl\u00e5vand vorbei. &#183; Bl\u00e5vand&#039;s Fiskerestaurant ist sowohl ein Restaurant als auch ein Fischh\u00e4ndler. &#183; Reservieren Sie noch heute einen Tisch.","breadcrumb":{"@id":"https:\/\/blaavandfisk.dk\/de\/#breadcrumb"},"inLanguage":"de","potentialAction":[{"@type":"ReadAction","target":["https:\/\/blaavandfisk.dk\/de\/"]}]},{"@type":"BreadcrumbList","@id":"https:\/\/blaavandfisk.dk\/de\/#breadcrumb","itemListElement":[{"@type":"ListItem","position":1,"name":"Hjem","item":"https:\/\/blaavandfisk.dk\/de\/"},{"@type":"ListItem","position":2,"name":"Front"}]},{"@type":"WebSite","@id":"https:\/\/blaavandfisk.dk\/#website","url":"https:\/\/blaavandfisk.dk\/","name":"Bl\u00e5vand&#039;s Fiskerestaurant","description":"Fiskehandler i Bl\u00e5vand med stort udvalg af frisk fisk","publisher":{"@id":"https:\/\/blaavandfisk.dk\/#organization"},"potentialAction":[{"@type":"SearchAction","target":{"@type":"EntryPoint","urlTemplate":"https:\/\/blaavandfisk.dk\/?s={search_term_string}"},"query-input":"required name=search_term_string"}],"inLanguage":"de"},{"@type":"Organization","@id":"https:\/\/blaavandfisk.dk\/#organization","name":"Bl\u00e5vand&#039;s Fiskerestaurant","url":"https:\/\/blaavandfisk.dk\/","logo":{"@type":"ImageObject","inLanguage":"de","@id":"https:\/\/blaavandfisk.dk\/#\/schema\/logo\/image\/","url":"https:\/\/blaavandfisk.dk\/wp-content\/uploads\/2022\/07\/logo-501.png","contentUrl":"https:\/\/blaavandfisk.dk\/wp-content\/uploads\/2022\/07\/logo-501.png","width":473,"height":269,"caption":"Bl\u00e5vand&#039;s Fiskerestaurant"},"image":{"@id":"https:\/\/blaavandfisk.dk\/#\/schema\/logo\/image\/"}}]}},"_links":{"self":[{"href":"https:\/\/blaavandfisk.dk\/de\/wp-json\/wp\/v2\/pages\/3630"}],"collection":[{"href":"https:\/\/blaavandfisk.dk\/de\/wp-json\/wp\/v2\/pages"}],"about":[{"href":"https:\/\/blaavandfisk.dk\/de\/wp-json\/wp\/v2\/types\/page"}],"author":[{"embeddable":true,"href":"https:\/\/blaavandfisk.dk\/de\/wp-json\/wp\/v2\/users\/1"}],"replies":[{"embeddable":true,"href":"https:\/\/blaavandfisk.dk\/de\/wp-json\/wp\/v2\/comments?post=3630"}],"version-history":[{"count":28,"href":"https:\/\/blaavandfisk.dk\/de\/wp-json\/wp\/v2\/pages\/3630\/revisions"}],"predecessor-version":[{"id":900228,"href":"https:\/\/blaavandfisk.dk\/de\/wp-json\/wp\/v2\/pages\/3630\/revisions\/900228"}],"wp:attachment":[{"href":"https:\/\/blaavandfisk.dk\/de\/wp-json\/wp\/v2\/media?parent=3630"}],"wp:term":[{"taxonomy":"category","embeddable":true,"href":"https:\/\/blaavandfisk.dk\/de\/wp-json\/wp\/v2\/categories?post=3630"}],"curies":[{"name":"wp","href":"https:\/\/api.w.org\/{rel}","templated":true}]}}