{"id":3642,"date":"2022-07-25T10:54:49","date_gmt":"2022-07-25T08:54:49","guid":{"rendered":"https:\/\/blaavandfisk.dk\/restaurant\/"},"modified":"2022-11-04T08:49:29","modified_gmt":"2022-11-04T07:49:29","slug":"restaurant","status":"publish","type":"page","link":"https:\/\/blaavandfisk.dk\/de\/restaurant\/","title":{"rendered":"Restaurant"},"content":{"rendered":"<section class=\"wpb-content-wrapper\"><p>[vc_row full_width=&#8220;stretch_row&#8220;][vc_column]<div class=\"ult-spacer spacer-69e4dfe79ff85\" data-id=\"69e4dfe79ff85\" data-height=\"90\" data-height-mobile=\"60\" data-height-tab=\"90\" data-height-tab-portrait=\"60\" data-height-mobile-landscape=\"60\" style=\"clear:both;display:block;\"><\/div>[vc_column_text]<\/p>\n<h2 style=\"text-align: center;\">Restaurant mit Speisen f\u00fcr jeden Geschmack &#8211; Ihr Fischrestaurant<\/h2>\n<p style=\"text-align: center;\">Wenn Sie ein gem\u00fctliches Restaurant suchen, in dem es f\u00fcr Jung und Alt eine gro\u00dfe Auswahl gibt, sollten Sie das Bl\u00e5vand Fiskerestaurant besuchen.<\/p>\n<p style=\"text-align: center;\">Wir haben unseren Sitz in Bl\u00e5vand und haben kostenlose Parkpl\u00e4tze direkt neben dem Geb\u00e4ude, sodass es gute M\u00f6glichkeiten gibt, mit dem Auto zum Beispiel aus Varde, Esbjerg oder anderen umliegenden Gebieten zu kommen.<\/p>\n<p>[\/vc_column_text]<div class=\"ult-spacer spacer-69e4dfe79ffe0\" data-id=\"69e4dfe79ffe0\" data-height=\"90\" data-height-mobile=\"60\" data-height-tab=\"90\" data-height-tab-portrait=\"60\" data-height-mobile-landscape=\"60\" style=\"clear:both;display:block;\"><\/div>[\/vc_column][\/vc_row][vc_row full_width=&#8220;stretch_row&#8220; css=&#8220;.vc_custom_1658754429880{background-image: url(https:\/\/blaavandfisk.dk\/wp-content\/uploads\/2022\/07\/istock-1156027693-scaled.jpg?id=3407) !important;background-position: center !important;background-repeat: no-repeat !important;background-size: cover !important;}&#8220; el_class=&#8220;parallax overlay&#8220;][vc_column]<div class=\"ult-spacer spacer-69e4dfe7a000d\" data-id=\"69e4dfe7a000d\" data-height=\"300\" data-height-mobile=\"200\" data-height-tab=\"300\" data-height-tab-portrait=\"250\" data-height-mobile-landscape=\"200\" style=\"clear:both;display:block;\"><\/div>[\/vc_column][\/vc_row][vc_row full_width=&#8220;stretch_row&#8220;][vc_column]<div class=\"ult-spacer spacer-69e4dfe7a0036\" data-id=\"69e4dfe7a0036\" data-height=\"90\" data-height-mobile=\"60\" data-height-tab=\"90\" data-height-tab-portrait=\"60\" data-height-mobile-landscape=\"60\" style=\"clear:both;display:block;\"><\/div>[vc_column_text]<\/p>\n<h3 style=\"text-align: center;\">Fischrestaurant mit gro\u00dfer Auswahl<\/h3>\n<p style=\"text-align: center;\">In unserem Fischrestaurant erwartet Sie stets frischer Fisch und gleichzeitig ist f\u00fcr jeden Geschmack etwas dabei. \u200b<\/p>\n<p style=\"text-align: center;\">Dar\u00fcber hinaus verf\u00fcgt unser Restaurant \u00fcber eine gro\u00dfe Auswahl an leckeren Vorspeisen, Mittagsgerichten und Hauptgerichten, bei denen der Fisch im Mittelpunkt steht.<\/p>\n<p style=\"text-align: center;\">Neben unserem Fischrestaurant finden Sie unser Fischgesch\u00e4ft, wo Sie frischen Fisch f\u00fcr zu Hause kaufen k\u00f6nnen.<\/p>\n<p>[\/vc_column_text]<div class=\"ult-spacer spacer-69e4dfe7a005b\" data-id=\"69e4dfe7a005b\" data-height=\"90\" data-height-mobile=\"60\" data-height-tab=\"90\" data-height-tab-portrait=\"60\" data-height-mobile-landscape=\"60\" style=\"clear:both;display:block;\"><\/div>[\/vc_column][\/vc_row][vc_row full_width=&#8220;stretch_row_content_no_spaces&#8220; equal_height=&#8220;yes&#8220; css=&#8220;.vc_custom_1659005669327{background-color: #5eb4ee !important;}&#8220;][vc_column el_class=&#8220;stretch white&#8220; offset=&#8220;vc_col-lg-6 vc_col-md-6 vc_col-xs-12&#8243;][vc_column_text]<\/p>\n<h3><em>Kontakt vores restaurant for bordreservation eller book online<\/em><\/h3>\n<p>Wenn Sie einen Tisch in unserem Restaurant reservieren m\u00f6chten, k\u00f6nnen Sie uns unter <a href=\"tel:75278510\">(+45) 75 27 85 10<\/a>.<\/p>\n<p>Alternativ k\u00f6nnen Sie auch online \u00fcber unser <a class=\"smooth-scroll\" href=\"\/#booking\">Online-Buchungsformular<\/a> einen Tisch reservieren.<\/p>\n<p>Wenn Sie f\u00fcr denselben Tag einen Tisch reservieren m\u00f6chten, muss dies telefonisch erfolgen[\/vc_column_text][vc_empty_space height=&#8220;30px&#8220;][vc_btn title=&#8220;Kontaktiere uns&#8220; style=&#8220;custom&#8220; custom_background=&#8220;#2f71a4&#8243; custom_text=&#8220;#ffffff&#8220; shape=&#8220;square&#8220; size=&#8220;sm&#8220; align=&#8220;left&#8220; link=&#8220;url:%2F%23kontakt|title:Kontakt|&#8220; el_class=&#8220;tag-link&#8220;][\/vc_column][vc_column css=&#8220;.vc_custom_1658754544011{background-image: url(https:\/\/blaavandfisk.dk\/wp-content\/uploads\/2022\/07\/istock-1141194375-scaled.jpg?id=3409) !important;background-position: center !important;background-repeat: no-repeat !important;background-size: cover !important;}&#8220; offset=&#8220;vc_col-lg-6 vc_col-md-6 vc_col-xs-12&#8243;]<div class=\"ult-spacer spacer-69e4dfe7a0080\" data-id=\"69e4dfe7a0080\" data-height=\"0\" data-height-mobile=\"200\" data-height-tab=\"0\" data-height-tab-portrait=\"300\" data-height-mobile-landscape=\"250\" style=\"clear:both;display:block;\"><\/div>[\/vc_column][\/vc_row]<\/p>\n<\/section>","protected":false},"excerpt":{"rendered":"<p>[vc_row full_width=&#8220;stretch_row&#8220;][vc_column][vc_column_text] Restaurant mit Speisen f\u00fcr jeden Geschmack &#8211; Ihr Fischrestaurant Wenn Sie ein gem\u00fctliches Restaurant suchen, in dem es f\u00fcr Jung und Alt eine gro\u00dfe Auswahl gibt, sollten Sie das Bl\u00e5vand Fiskerestaurant besuchen. Wir haben unseren Sitz in Bl\u00e5vand und haben kostenlose Parkpl\u00e4tze direkt neben dem Geb\u00e4ude, sodass es gute M\u00f6glichkeiten gibt, mit dem &#8230; <a title=\"Restaurant\" class=\"read-more\" href=\"https:\/\/blaavandfisk.dk\/de\/restaurant\/\" aria-label=\"Mehr zu Restaurant\">Weiterlesen &#8230;<\/a><\/p>\n","protected":false},"author":1,"featured_media":0,"parent":0,"menu_order":5,"comment_status":"closed","ping_status":"closed","template":"","meta":{"_acf_changed":false,"footnotes":""},"categories":[],"acf":[],"yoast_head":"<!-- This site is optimized with the Yoast SEO plugin v22.4 - https:\/\/yoast.com\/wordpress\/plugins\/seo\/ -->\n<title>Restaurant &#183; Bl\u00e5vand&#039;s Fiskerestaurant<\/title>\n<meta name=\"robots\" content=\"index, follow, max-snippet:-1, max-image-preview:large, max-video-preview:-1\" \/>\n<link rel=\"canonical\" href=\"https:\/\/blaavandfisk.dk\/de\/restaurant\/\" \/>\n<meta property=\"og:locale\" content=\"de_DE\" \/>\n<meta property=\"og:type\" content=\"article\" \/>\n<meta property=\"og:title\" content=\"Restaurant &#183; Bl\u00e5vand&#039;s Fiskerestaurant\" \/>\n<meta property=\"og:description\" content=\"[vc_row full_width=&#8220;stretch_row&#8220;][vc_column][vc_column_text] Restaurant mit Speisen f\u00fcr jeden Geschmack &#8211; Ihr Fischrestaurant Wenn Sie ein gem\u00fctliches Restaurant suchen, in dem es f\u00fcr Jung und Alt eine gro\u00dfe Auswahl gibt, sollten Sie das Bl\u00e5vand Fiskerestaurant besuchen. Wir haben unseren Sitz in Bl\u00e5vand und haben kostenlose Parkpl\u00e4tze direkt neben dem Geb\u00e4ude, sodass es gute M\u00f6glichkeiten gibt, mit dem ... Weiterlesen ...\" \/>\n<meta property=\"og:url\" content=\"https:\/\/blaavandfisk.dk\/de\/restaurant\/\" \/>\n<meta property=\"og:site_name\" content=\"Bl\u00e5vand&#039;s Fiskerestaurant\" \/>\n<meta property=\"article:modified_time\" content=\"2022-11-04T07:49:29+00:00\" \/>\n<meta name=\"twitter:card\" content=\"summary_large_image\" \/>\n<meta name=\"twitter:label1\" content=\"Gesch\u00e4tzte Lesezeit\" \/>\n\t<meta name=\"twitter:data1\" content=\"2\u00a0Minuten\" \/>\n<script type=\"application\/ld+json\" class=\"yoast-schema-graph\">{\"@context\":\"https:\/\/schema.org\",\"@graph\":[{\"@type\":\"WebPage\",\"@id\":\"https:\/\/blaavandfisk.dk\/de\/restaurant\/\",\"url\":\"https:\/\/blaavandfisk.dk\/de\/restaurant\/\",\"name\":\"Restaurant &#183; Bl\u00e5vand&#039;s Fiskerestaurant\",\"isPartOf\":{\"@id\":\"https:\/\/blaavandfisk.dk\/#website\"},\"datePublished\":\"2022-07-25T08:54:49+00:00\",\"dateModified\":\"2022-11-04T07:49:29+00:00\",\"breadcrumb\":{\"@id\":\"https:\/\/blaavandfisk.dk\/de\/restaurant\/#breadcrumb\"},\"inLanguage\":\"de\",\"potentialAction\":[{\"@type\":\"ReadAction\",\"target\":[\"https:\/\/blaavandfisk.dk\/de\/restaurant\/\"]}]},{\"@type\":\"BreadcrumbList\",\"@id\":\"https:\/\/blaavandfisk.dk\/de\/restaurant\/#breadcrumb\",\"itemListElement\":[{\"@type\":\"ListItem\",\"position\":1,\"name\":\"Hjem\",\"item\":\"https:\/\/blaavandfisk.dk\/de\/\"},{\"@type\":\"ListItem\",\"position\":2,\"name\":\"Restaurant\"}]},{\"@type\":\"WebSite\",\"@id\":\"https:\/\/blaavandfisk.dk\/#website\",\"url\":\"https:\/\/blaavandfisk.dk\/\",\"name\":\"Bl\u00e5vand&#039;s Fiskerestaurant\",\"description\":\"Fiskehandler i Bl\u00e5vand med stort udvalg af frisk fisk\",\"publisher\":{\"@id\":\"https:\/\/blaavandfisk.dk\/#organization\"},\"potentialAction\":[{\"@type\":\"SearchAction\",\"target\":{\"@type\":\"EntryPoint\",\"urlTemplate\":\"https:\/\/blaavandfisk.dk\/?s={search_term_string}\"},\"query-input\":\"required name=search_term_string\"}],\"inLanguage\":\"de\"},{\"@type\":\"Organization\",\"@id\":\"https:\/\/blaavandfisk.dk\/#organization\",\"name\":\"Bl\u00e5vand&#039;s Fiskerestaurant\",\"url\":\"https:\/\/blaavandfisk.dk\/\",\"logo\":{\"@type\":\"ImageObject\",\"inLanguage\":\"de\",\"@id\":\"https:\/\/blaavandfisk.dk\/#\/schema\/logo\/image\/\",\"url\":\"https:\/\/blaavandfisk.dk\/wp-content\/uploads\/2022\/07\/logo-501.png\",\"contentUrl\":\"https:\/\/blaavandfisk.dk\/wp-content\/uploads\/2022\/07\/logo-501.png\",\"width\":473,\"height\":269,\"caption\":\"Bl\u00e5vand&#039;s Fiskerestaurant\"},\"image\":{\"@id\":\"https:\/\/blaavandfisk.dk\/#\/schema\/logo\/image\/\"}}]}<\/script>\n<!-- \/ Yoast SEO plugin. -->","yoast_head_json":{"title":"Restaurant &#183; Bl\u00e5vand&#039;s Fiskerestaurant","robots":{"index":"index","follow":"follow","max-snippet":"max-snippet:-1","max-image-preview":"max-image-preview:large","max-video-preview":"max-video-preview:-1"},"canonical":"https:\/\/blaavandfisk.dk\/de\/restaurant\/","og_locale":"de_DE","og_type":"article","og_title":"Restaurant &#183; Bl\u00e5vand&#039;s Fiskerestaurant","og_description":"[vc_row full_width=&#8220;stretch_row&#8220;][vc_column][vc_column_text] Restaurant mit Speisen f\u00fcr jeden Geschmack &#8211; Ihr Fischrestaurant Wenn Sie ein gem\u00fctliches Restaurant suchen, in dem es f\u00fcr Jung und Alt eine gro\u00dfe Auswahl gibt, sollten Sie das Bl\u00e5vand Fiskerestaurant besuchen. Wir haben unseren Sitz in Bl\u00e5vand und haben kostenlose Parkpl\u00e4tze direkt neben dem Geb\u00e4ude, sodass es gute M\u00f6glichkeiten gibt, mit dem ... Weiterlesen ...","og_url":"https:\/\/blaavandfisk.dk\/de\/restaurant\/","og_site_name":"Bl\u00e5vand&#039;s Fiskerestaurant","article_modified_time":"2022-11-04T07:49:29+00:00","twitter_card":"summary_large_image","twitter_misc":{"Gesch\u00e4tzte Lesezeit":"2\u00a0Minuten"},"schema":{"@context":"https:\/\/schema.org","@graph":[{"@type":"WebPage","@id":"https:\/\/blaavandfisk.dk\/de\/restaurant\/","url":"https:\/\/blaavandfisk.dk\/de\/restaurant\/","name":"Restaurant &#183; Bl\u00e5vand&#039;s Fiskerestaurant","isPartOf":{"@id":"https:\/\/blaavandfisk.dk\/#website"},"datePublished":"2022-07-25T08:54:49+00:00","dateModified":"2022-11-04T07:49:29+00:00","breadcrumb":{"@id":"https:\/\/blaavandfisk.dk\/de\/restaurant\/#breadcrumb"},"inLanguage":"de","potentialAction":[{"@type":"ReadAction","target":["https:\/\/blaavandfisk.dk\/de\/restaurant\/"]}]},{"@type":"BreadcrumbList","@id":"https:\/\/blaavandfisk.dk\/de\/restaurant\/#breadcrumb","itemListElement":[{"@type":"ListItem","position":1,"name":"Hjem","item":"https:\/\/blaavandfisk.dk\/de\/"},{"@type":"ListItem","position":2,"name":"Restaurant"}]},{"@type":"WebSite","@id":"https:\/\/blaavandfisk.dk\/#website","url":"https:\/\/blaavandfisk.dk\/","name":"Bl\u00e5vand&#039;s Fiskerestaurant","description":"Fiskehandler i Bl\u00e5vand med stort udvalg af frisk fisk","publisher":{"@id":"https:\/\/blaavandfisk.dk\/#organization"},"potentialAction":[{"@type":"SearchAction","target":{"@type":"EntryPoint","urlTemplate":"https:\/\/blaavandfisk.dk\/?s={search_term_string}"},"query-input":"required name=search_term_string"}],"inLanguage":"de"},{"@type":"Organization","@id":"https:\/\/blaavandfisk.dk\/#organization","name":"Bl\u00e5vand&#039;s Fiskerestaurant","url":"https:\/\/blaavandfisk.dk\/","logo":{"@type":"ImageObject","inLanguage":"de","@id":"https:\/\/blaavandfisk.dk\/#\/schema\/logo\/image\/","url":"https:\/\/blaavandfisk.dk\/wp-content\/uploads\/2022\/07\/logo-501.png","contentUrl":"https:\/\/blaavandfisk.dk\/wp-content\/uploads\/2022\/07\/logo-501.png","width":473,"height":269,"caption":"Bl\u00e5vand&#039;s Fiskerestaurant"},"image":{"@id":"https:\/\/blaavandfisk.dk\/#\/schema\/logo\/image\/"}}]}},"_links":{"self":[{"href":"https:\/\/blaavandfisk.dk\/de\/wp-json\/wp\/v2\/pages\/3642"}],"collection":[{"href":"https:\/\/blaavandfisk.dk\/de\/wp-json\/wp\/v2\/pages"}],"about":[{"href":"https:\/\/blaavandfisk.dk\/de\/wp-json\/wp\/v2\/types\/page"}],"author":[{"embeddable":true,"href":"https:\/\/blaavandfisk.dk\/de\/wp-json\/wp\/v2\/users\/1"}],"replies":[{"embeddable":true,"href":"https:\/\/blaavandfisk.dk\/de\/wp-json\/wp\/v2\/comments?post=3642"}],"version-history":[{"count":2,"href":"https:\/\/blaavandfisk.dk\/de\/wp-json\/wp\/v2\/pages\/3642\/revisions"}],"predecessor-version":[{"id":3644,"href":"https:\/\/blaavandfisk.dk\/de\/wp-json\/wp\/v2\/pages\/3642\/revisions\/3644"}],"wp:attachment":[{"href":"https:\/\/blaavandfisk.dk\/de\/wp-json\/wp\/v2\/media?parent=3642"}],"wp:term":[{"taxonomy":"category","embeddable":true,"href":"https:\/\/blaavandfisk.dk\/de\/wp-json\/wp\/v2\/categories?post=3642"}],"curies":[{"name":"wp","href":"https:\/\/api.w.org\/{rel}","templated":true}]}}