{"id":3669,"date":"2022-07-25T10:54:50","date_gmt":"2022-07-25T08:54:50","guid":{"rendered":"https:\/\/blaavandfisk.dk\/geraeucherte-produkte\/"},"modified":"2022-11-04T09:59:58","modified_gmt":"2022-11-04T08:59:58","slug":"geraeucherte-produkte","status":"publish","type":"page","link":"https:\/\/blaavandfisk.dk\/de\/geraeucherte-produkte\/","title":{"rendered":"Ger\u00e4ucherte Produkte"},"content":{"rendered":"<section class=\"wpb-content-wrapper\"><p>[vc_row full_width=&#8220;stretch_row&#8220;][vc_column]<div class=\"ult-spacer spacer-69e4f9fd25f03\" data-id=\"69e4f9fd25f03\" data-height=\"90\" data-height-mobile=\"60\" data-height-tab=\"90\" data-height-tab-portrait=\"60\" data-height-mobile-landscape=\"60\" style=\"clear:both;display:block;\"><\/div>[vc_column_text]<\/p>\n<h2 style=\"text-align: center;\">Ger\u00e4ucherte Produkte aus unserer eigenen R\u00e4ucherei in Esbjerg<\/h2>\n<p style=\"text-align: center;\">Im Fischrestaurant Bl\u00e5vand in Bl\u00e5vand bei Esbjerg und Varde haben wir eine gro\u00dfe Auswahl an k\u00f6stlichen R\u00e4ucherprodukten. Wir r\u00e4uchern unsere R\u00e4ucherwaren in unserer eigenen R\u00e4ucherei. Auf diese Weise k\u00f6nnen Sie sich auf frische und frisch ger\u00e4ucherte Fischgerichte verlassen.<\/p>\n<h3 style=\"text-align: center;\">Alles von Hering und Forelle bis hin zu anderen k\u00f6stlichen R\u00e4ucherprodukten<\/h3>\n<p style=\"text-align: center;\">Unsere k\u00f6stlichen R\u00e4ucherprodukte aus unserer eigenen R\u00e4ucherei bieten Ihnen die Gelegenheit f\u00fcr ein kulinarisches Geschmackserlebnis in der wundersch\u00f6nen Umgebung im Herzen von Bl\u00e5vand an der Nordsee. Sie k\u00f6nnen ein gutes Steak bestellen, wenn Sie nicht viel Fisch m\u00f6gen, und f\u00fcr Kinder gibt es ein Kindermen\u00fc.<\/p>\n<p>[\/vc_column_text]<div class=\"ult-spacer spacer-69e4f9fd25f4e\" data-id=\"69e4f9fd25f4e\" data-height=\"90\" data-height-mobile=\"60\" data-height-tab=\"90\" data-height-tab-portrait=\"60\" data-height-mobile-landscape=\"60\" style=\"clear:both;display:block;\"><\/div>[\/vc_column][\/vc_row][vc_row full_width=&#8220;stretch_row&#8220; css=&#8220;.vc_custom_1658754429880{background-image: url(https:\/\/blaavandfisk.dk\/wp-content\/uploads\/2022\/07\/istock-1156027693-scaled.jpg?id=3407) !important;background-position: center !important;background-repeat: no-repeat !important;background-size: cover !important;}&#8220; el_class=&#8220;parallax overlay&#8220;][vc_column]<div class=\"ult-spacer spacer-69e4f9fd25f80\" data-id=\"69e4f9fd25f80\" data-height=\"300\" data-height-mobile=\"200\" data-height-tab=\"300\" data-height-tab-portrait=\"250\" data-height-mobile-landscape=\"200\" style=\"clear:both;display:block;\"><\/div>[\/vc_column][\/vc_row][vc_row full_width=&#8220;stretch_row&#8220;][vc_column]<div class=\"ult-spacer spacer-69e4f9fd25fa3\" data-id=\"69e4f9fd25fa3\" data-height=\"90\" data-height-mobile=\"60\" data-height-tab=\"90\" data-height-tab-portrait=\"60\" data-height-mobile-landscape=\"60\" style=\"clear:both;display:block;\"><\/div>[vc_column_text]<\/p>\n<h3 style=\"text-align: center;\">Wir r\u00e4uchern alle unsere Fische in unserer eigenen R\u00e4ucherkammer<\/h3>\n<ul>\n<li style=\"text-align: center;\">Lachs<\/li>\n<li style=\"text-align: center;\">Heilbutt<\/li>\n<li style=\"text-align: center;\">Ger\u00e4ucherte Garnelen<\/li>\n<li style=\"text-align: center;\">R\u00e4ucherforelle<\/li>\n<li style=\"text-align: center;\">Escolar (Buttermakrele)<\/li>\n<li style=\"text-align: center;\">R\u00e4ucherhering<\/li>\n<li style=\"text-align: center;\">R\u00e4ucherhering<\/li>\n<li style=\"text-align: center;\">Ger\u00e4uchertes Makrelenfilet und ganze Makrele<\/li>\n<li style=\"text-align: center;\">Andere frisch ger\u00e4ucherte Produkte<\/li>\n<\/ul>\n<p style=\"text-align: center;\">Vor oder nach dem Abendessen k\u00f6nnen Sie einige der absolut besten Str\u00e4nde D\u00e4nemarks in Bl\u00e5vand und Hvidbjerg erleben oder bei gutem Wetter den westlichsten Punkt D\u00e4nemarks, den Leuchtturm von Bl\u00e5vand, besuchen.<\/p>\n<p>[\/vc_column_text]<div class=\"ult-spacer spacer-69e4f9fd25fc2\" data-id=\"69e4f9fd25fc2\" data-height=\"90\" data-height-mobile=\"60\" data-height-tab=\"90\" data-height-tab-portrait=\"60\" data-height-mobile-landscape=\"60\" style=\"clear:both;display:block;\"><\/div>[\/vc_column][\/vc_row][vc_row full_width=&#8220;stretch_row&#8220; css=&#8220;.vc_custom_1658999480336{background-image: url(https:\/\/blaavandfisk.dk\/wp-content\/uploads\/2022\/07\/istock-916591460-scaled.jpg?id=3411) !important;background-position: center !important;background-repeat: no-repeat !important;background-size: cover !important;}&#8220; el_class=&#8220;parallax overlay&#8220;][vc_column]<div class=\"ult-spacer spacer-69e4f9fd25fe7\" data-id=\"69e4f9fd25fe7\" data-height=\"300\" data-height-mobile=\"200\" data-height-tab=\"300\" data-height-tab-portrait=\"250\" data-height-mobile-landscape=\"200\" style=\"clear:both;display:block;\"><\/div>[\/vc_column][\/vc_row][vc_row full_width=&#8220;stretch_row&#8220;][vc_column]<div class=\"ult-spacer spacer-69e4f9fd26005\" data-id=\"69e4f9fd26005\" data-height=\"90\" data-height-mobile=\"60\" data-height-tab=\"90\" data-height-tab-portrait=\"60\" data-height-mobile-landscape=\"60\" style=\"clear:both;display:block;\"><\/div>[vc_column_text]<\/p>\n<h3 style=\"text-align: center;\">Denken Sie daran, dass es immer eine gute Idee ist, einen Tisch zu reservieren<\/h3>\n<p style=\"text-align: center;\">Es ist eine gute Idee, einen Tisch zu reservieren, wenn Sie unsere frisch ger\u00e4ucherten Produkte probieren m\u00f6chten. Bei Fragen oder Sonderw\u00fcnschen k\u00f6nnen Sie auch gerne anrufen.<\/p>\n<p style=\"text-align: center;\">Unsere Telefonnummer ist <a href=\"tel:75278510\">(+45) 75 27 85 10<\/a>.\u200b<\/p>\n<p>[\/vc_column_text]<div class=\"ult-spacer spacer-69e4f9fd26020\" data-id=\"69e4f9fd26020\" data-height=\"90\" data-height-mobile=\"60\" data-height-tab=\"90\" data-height-tab-portrait=\"60\" data-height-mobile-landscape=\"60\" style=\"clear:both;display:block;\"><\/div>[\/vc_column][\/vc_row][vc_row full_width=&#8220;stretch_row_content_no_spaces&#8220; equal_height=&#8220;yes&#8220; css=&#8220;.vc_custom_1659005550202{background-color: #5eb4ee !important;}&#8220;][vc_column el_class=&#8220;stretch white&#8220; offset=&#8220;vc_col-lg-6 vc_col-md-6 vc_col-xs-12&#8243;][vc_column_text]<\/p>\n<h3><em>Kontaktieren Sie unser Restaurant f\u00fcr eine Tischreservierung oder buchen Sie online<\/em><\/h3>\n<p>Wenn Sie einen Tisch in unserem Restaurant reservieren m\u00f6chten, k\u00f6nnen Sie uns unter <a href=\"tel:75278510\">(+45) 75 27 85 10<\/a>.<\/p>\n<p>Alternativ k\u00f6nnen Sie auch online \u00fcber unser <a class=\"smooth-scroll\" href=\"\/#booking\">Online-Buchungsformular<\/a> einen Tisch reservieren.<\/p>\n<p>Wenn Sie f\u00fcr denselben Tag einen Tisch reservieren m\u00f6chten, muss dies telefonisch erfolgen[\/vc_column_text][vc_empty_space height=&#8220;30px&#8220;][vc_btn title=&#8220;Kontaktiere uns&#8220; style=&#8220;custom&#8220; custom_background=&#8220;#2f71a4&#8243; custom_text=&#8220;#ffffff&#8220; shape=&#8220;square&#8220; size=&#8220;sm&#8220; align=&#8220;left&#8220; link=&#8220;url:%2F%23kontakt|title:Kontakt|&#8220; el_class=&#8220;tag-link&#8220;][\/vc_column][vc_column css=&#8220;.vc_custom_1658754544011{background-image: url(https:\/\/blaavandfisk.dk\/wp-content\/uploads\/2022\/07\/istock-1141194375-scaled.jpg?id=3409) !important;background-position: center !important;background-repeat: no-repeat !important;background-size: cover !important;}&#8220; offset=&#8220;vc_col-lg-6 vc_col-md-6 vc_col-xs-12&#8243;]<div class=\"ult-spacer spacer-69e4f9fd2603b\" data-id=\"69e4f9fd2603b\" data-height=\"0\" data-height-mobile=\"200\" data-height-tab=\"0\" data-height-tab-portrait=\"300\" data-height-mobile-landscape=\"250\" style=\"clear:both;display:block;\"><\/div>[\/vc_column][\/vc_row]<\/p>\n<\/section>","protected":false},"excerpt":{"rendered":"<p>[vc_row full_width=&#8220;stretch_row&#8220;][vc_column][vc_column_text] Ger\u00e4ucherte Produkte aus unserer eigenen R\u00e4ucherei in Esbjerg Im Fischrestaurant Bl\u00e5vand in Bl\u00e5vand bei Esbjerg und Varde haben wir eine gro\u00dfe Auswahl an k\u00f6stlichen R\u00e4ucherprodukten. Wir r\u00e4uchern unsere R\u00e4ucherwaren in unserer eigenen R\u00e4ucherei. Auf diese Weise k\u00f6nnen Sie sich auf frische und frisch ger\u00e4ucherte Fischgerichte verlassen. Alles von Hering und Forelle bis hin &#8230; <a title=\"Ger\u00e4ucherte Produkte\" class=\"read-more\" href=\"https:\/\/blaavandfisk.dk\/de\/geraeucherte-produkte\/\" aria-label=\"Mehr zu Ger\u00e4ucherte Produkte\">Weiterlesen &#8230;<\/a><\/p>\n","protected":false},"author":1,"featured_media":0,"parent":0,"menu_order":9,"comment_status":"closed","ping_status":"closed","template":"","meta":{"_acf_changed":false,"footnotes":""},"categories":[],"acf":[],"yoast_head":"<!-- This site is optimized with the Yoast SEO plugin v22.4 - https:\/\/yoast.com\/wordpress\/plugins\/seo\/ -->\n<title>Ger\u00e4ucherte Produkte &#183; Bl\u00e5vand&#039;s Fiskerestaurant<\/title>\n<meta name=\"robots\" content=\"index, follow, max-snippet:-1, max-image-preview:large, max-video-preview:-1\" \/>\n<link rel=\"canonical\" href=\"https:\/\/blaavandfisk.dk\/de\/geraeucherte-produkte\/\" \/>\n<meta property=\"og:locale\" content=\"de_DE\" \/>\n<meta property=\"og:type\" content=\"article\" \/>\n<meta property=\"og:title\" content=\"Ger\u00e4ucherte Produkte &#183; Bl\u00e5vand&#039;s Fiskerestaurant\" \/>\n<meta property=\"og:description\" content=\"[vc_row full_width=&#8220;stretch_row&#8220;][vc_column][vc_column_text] Ger\u00e4ucherte Produkte aus unserer eigenen R\u00e4ucherei in Esbjerg Im Fischrestaurant Bl\u00e5vand in Bl\u00e5vand bei Esbjerg und Varde haben wir eine gro\u00dfe Auswahl an k\u00f6stlichen R\u00e4ucherprodukten. Wir r\u00e4uchern unsere R\u00e4ucherwaren in unserer eigenen R\u00e4ucherei. Auf diese Weise k\u00f6nnen Sie sich auf frische und frisch ger\u00e4ucherte Fischgerichte verlassen. Alles von Hering und Forelle bis hin ... Weiterlesen ...\" \/>\n<meta property=\"og:url\" content=\"https:\/\/blaavandfisk.dk\/de\/geraeucherte-produkte\/\" \/>\n<meta property=\"og:site_name\" content=\"Bl\u00e5vand&#039;s Fiskerestaurant\" \/>\n<meta property=\"article:modified_time\" content=\"2022-11-04T08:59:58+00:00\" \/>\n<meta name=\"twitter:card\" content=\"summary_large_image\" \/>\n<meta name=\"twitter:label1\" content=\"Gesch\u00e4tzte Lesezeit\" \/>\n\t<meta name=\"twitter:data1\" content=\"3\u00a0Minuten\" \/>\n<script type=\"application\/ld+json\" class=\"yoast-schema-graph\">{\"@context\":\"https:\/\/schema.org\",\"@graph\":[{\"@type\":\"WebPage\",\"@id\":\"https:\/\/blaavandfisk.dk\/de\/geraeucherte-produkte\/\",\"url\":\"https:\/\/blaavandfisk.dk\/de\/geraeucherte-produkte\/\",\"name\":\"Ger\u00e4ucherte Produkte &#183; Bl\u00e5vand&#039;s Fiskerestaurant\",\"isPartOf\":{\"@id\":\"https:\/\/blaavandfisk.dk\/#website\"},\"datePublished\":\"2022-07-25T08:54:50+00:00\",\"dateModified\":\"2022-11-04T08:59:58+00:00\",\"breadcrumb\":{\"@id\":\"https:\/\/blaavandfisk.dk\/de\/geraeucherte-produkte\/#breadcrumb\"},\"inLanguage\":\"de\",\"potentialAction\":[{\"@type\":\"ReadAction\",\"target\":[\"https:\/\/blaavandfisk.dk\/de\/geraeucherte-produkte\/\"]}]},{\"@type\":\"BreadcrumbList\",\"@id\":\"https:\/\/blaavandfisk.dk\/de\/geraeucherte-produkte\/#breadcrumb\",\"itemListElement\":[{\"@type\":\"ListItem\",\"position\":1,\"name\":\"Hjem\",\"item\":\"https:\/\/blaavandfisk.dk\/de\/\"},{\"@type\":\"ListItem\",\"position\":2,\"name\":\"Ger\u00e4ucherte Produkte\"}]},{\"@type\":\"WebSite\",\"@id\":\"https:\/\/blaavandfisk.dk\/#website\",\"url\":\"https:\/\/blaavandfisk.dk\/\",\"name\":\"Bl\u00e5vand&#039;s Fiskerestaurant\",\"description\":\"Fiskehandler i Bl\u00e5vand med stort udvalg af frisk fisk\",\"publisher\":{\"@id\":\"https:\/\/blaavandfisk.dk\/#organization\"},\"potentialAction\":[{\"@type\":\"SearchAction\",\"target\":{\"@type\":\"EntryPoint\",\"urlTemplate\":\"https:\/\/blaavandfisk.dk\/?s={search_term_string}\"},\"query-input\":\"required name=search_term_string\"}],\"inLanguage\":\"de\"},{\"@type\":\"Organization\",\"@id\":\"https:\/\/blaavandfisk.dk\/#organization\",\"name\":\"Bl\u00e5vand&#039;s Fiskerestaurant\",\"url\":\"https:\/\/blaavandfisk.dk\/\",\"logo\":{\"@type\":\"ImageObject\",\"inLanguage\":\"de\",\"@id\":\"https:\/\/blaavandfisk.dk\/#\/schema\/logo\/image\/\",\"url\":\"https:\/\/blaavandfisk.dk\/wp-content\/uploads\/2022\/07\/logo-501.png\",\"contentUrl\":\"https:\/\/blaavandfisk.dk\/wp-content\/uploads\/2022\/07\/logo-501.png\",\"width\":473,\"height\":269,\"caption\":\"Bl\u00e5vand&#039;s Fiskerestaurant\"},\"image\":{\"@id\":\"https:\/\/blaavandfisk.dk\/#\/schema\/logo\/image\/\"}}]}<\/script>\n<!-- \/ Yoast SEO plugin. -->","yoast_head_json":{"title":"Ger\u00e4ucherte Produkte &#183; Bl\u00e5vand&#039;s Fiskerestaurant","robots":{"index":"index","follow":"follow","max-snippet":"max-snippet:-1","max-image-preview":"max-image-preview:large","max-video-preview":"max-video-preview:-1"},"canonical":"https:\/\/blaavandfisk.dk\/de\/geraeucherte-produkte\/","og_locale":"de_DE","og_type":"article","og_title":"Ger\u00e4ucherte Produkte &#183; Bl\u00e5vand&#039;s Fiskerestaurant","og_description":"[vc_row full_width=&#8220;stretch_row&#8220;][vc_column][vc_column_text] Ger\u00e4ucherte Produkte aus unserer eigenen R\u00e4ucherei in Esbjerg Im Fischrestaurant Bl\u00e5vand in Bl\u00e5vand bei Esbjerg und Varde haben wir eine gro\u00dfe Auswahl an k\u00f6stlichen R\u00e4ucherprodukten. Wir r\u00e4uchern unsere R\u00e4ucherwaren in unserer eigenen R\u00e4ucherei. Auf diese Weise k\u00f6nnen Sie sich auf frische und frisch ger\u00e4ucherte Fischgerichte verlassen. Alles von Hering und Forelle bis hin ... Weiterlesen ...","og_url":"https:\/\/blaavandfisk.dk\/de\/geraeucherte-produkte\/","og_site_name":"Bl\u00e5vand&#039;s Fiskerestaurant","article_modified_time":"2022-11-04T08:59:58+00:00","twitter_card":"summary_large_image","twitter_misc":{"Gesch\u00e4tzte Lesezeit":"3\u00a0Minuten"},"schema":{"@context":"https:\/\/schema.org","@graph":[{"@type":"WebPage","@id":"https:\/\/blaavandfisk.dk\/de\/geraeucherte-produkte\/","url":"https:\/\/blaavandfisk.dk\/de\/geraeucherte-produkte\/","name":"Ger\u00e4ucherte Produkte &#183; Bl\u00e5vand&#039;s Fiskerestaurant","isPartOf":{"@id":"https:\/\/blaavandfisk.dk\/#website"},"datePublished":"2022-07-25T08:54:50+00:00","dateModified":"2022-11-04T08:59:58+00:00","breadcrumb":{"@id":"https:\/\/blaavandfisk.dk\/de\/geraeucherte-produkte\/#breadcrumb"},"inLanguage":"de","potentialAction":[{"@type":"ReadAction","target":["https:\/\/blaavandfisk.dk\/de\/geraeucherte-produkte\/"]}]},{"@type":"BreadcrumbList","@id":"https:\/\/blaavandfisk.dk\/de\/geraeucherte-produkte\/#breadcrumb","itemListElement":[{"@type":"ListItem","position":1,"name":"Hjem","item":"https:\/\/blaavandfisk.dk\/de\/"},{"@type":"ListItem","position":2,"name":"Ger\u00e4ucherte Produkte"}]},{"@type":"WebSite","@id":"https:\/\/blaavandfisk.dk\/#website","url":"https:\/\/blaavandfisk.dk\/","name":"Bl\u00e5vand&#039;s Fiskerestaurant","description":"Fiskehandler i Bl\u00e5vand med stort udvalg af frisk fisk","publisher":{"@id":"https:\/\/blaavandfisk.dk\/#organization"},"potentialAction":[{"@type":"SearchAction","target":{"@type":"EntryPoint","urlTemplate":"https:\/\/blaavandfisk.dk\/?s={search_term_string}"},"query-input":"required name=search_term_string"}],"inLanguage":"de"},{"@type":"Organization","@id":"https:\/\/blaavandfisk.dk\/#organization","name":"Bl\u00e5vand&#039;s Fiskerestaurant","url":"https:\/\/blaavandfisk.dk\/","logo":{"@type":"ImageObject","inLanguage":"de","@id":"https:\/\/blaavandfisk.dk\/#\/schema\/logo\/image\/","url":"https:\/\/blaavandfisk.dk\/wp-content\/uploads\/2022\/07\/logo-501.png","contentUrl":"https:\/\/blaavandfisk.dk\/wp-content\/uploads\/2022\/07\/logo-501.png","width":473,"height":269,"caption":"Bl\u00e5vand&#039;s Fiskerestaurant"},"image":{"@id":"https:\/\/blaavandfisk.dk\/#\/schema\/logo\/image\/"}}]}},"_links":{"self":[{"href":"https:\/\/blaavandfisk.dk\/de\/wp-json\/wp\/v2\/pages\/3669"}],"collection":[{"href":"https:\/\/blaavandfisk.dk\/de\/wp-json\/wp\/v2\/pages"}],"about":[{"href":"https:\/\/blaavandfisk.dk\/de\/wp-json\/wp\/v2\/types\/page"}],"author":[{"embeddable":true,"href":"https:\/\/blaavandfisk.dk\/de\/wp-json\/wp\/v2\/users\/1"}],"replies":[{"embeddable":true,"href":"https:\/\/blaavandfisk.dk\/de\/wp-json\/wp\/v2\/comments?post=3669"}],"version-history":[{"count":2,"href":"https:\/\/blaavandfisk.dk\/de\/wp-json\/wp\/v2\/pages\/3669\/revisions"}],"predecessor-version":[{"id":3671,"href":"https:\/\/blaavandfisk.dk\/de\/wp-json\/wp\/v2\/pages\/3669\/revisions\/3671"}],"wp:attachment":[{"href":"https:\/\/blaavandfisk.dk\/de\/wp-json\/wp\/v2\/media?parent=3669"}],"wp:term":[{"taxonomy":"category","embeddable":true,"href":"https:\/\/blaavandfisk.dk\/de\/wp-json\/wp\/v2\/categories?post=3669"}],"curies":[{"name":"wp","href":"https:\/\/api.w.org\/{rel}","templated":true}]}}