{"id":3672,"date":"2022-07-25T10:54:50","date_gmt":"2022-07-25T08:54:50","guid":{"rendered":"https:\/\/blaavandfisk.dk\/fisch-laden\/"},"modified":"2022-11-04T10:11:48","modified_gmt":"2022-11-04T09:11:48","slug":"fisch-laden","status":"publish","type":"page","link":"https:\/\/blaavandfisk.dk\/de\/fisch-laden\/","title":{"rendered":"Fisch-laden"},"content":{"rendered":"<section class=\"wpb-content-wrapper\"><p>[vc_row full_width=&#8220;stretch_row&#8220;][vc_column]<div class=\"ult-spacer spacer-69d1e2cec4574\" data-id=\"69d1e2cec4574\" data-height=\"90\" data-height-mobile=\"60\" data-height-tab=\"90\" data-height-tab-portrait=\"60\" data-height-mobile-landscape=\"60\" style=\"clear:both;display:block;\"><\/div>[vc_column_text]<\/p>\n<h2 style=\"text-align: center;\">Das Gesch\u00e4ft<\/h2>\n<p style=\"text-align: center;\">Bl\u00e5vand Fischrestaurant ist auch ein gro\u00dfer Fischgesch\u00e4ft Wir nimmt immer nur frischen Fisch direkt auf der Fischauktion in Hvide Sande und Esbjerg auf.<\/p>\n<p style=\"text-align: center;\"> o wissen wir, f\u00fcr Qualit\u00e4t und wir w\u00e4hlen nur das Beste. Hier finden Sie eine gro\u00dfe Auswahl an Fisch von Scholle und Hering zu Lachs und Forelle &#8230; frisch und marinierte finden &#8211; Und dann erhalten Sie eine gro\u00dfe Auswahl an ger\u00e4uchertem Fisch aus der eigenen R\u00e4ucherei.<\/p>\n<p>[\/vc_column_text]<div class=\"ult-spacer spacer-69d1e2cec45b9\" data-id=\"69d1e2cec45b9\" data-height=\"90\" data-height-mobile=\"60\" data-height-tab=\"90\" data-height-tab-portrait=\"60\" data-height-mobile-landscape=\"60\" style=\"clear:both;display:block;\"><\/div>[\/vc_column][\/vc_row][vc_row full_width=&#8220;stretch_row_content_no_spaces&#8220; equal_height=&#8220;yes&#8220; css=&#8220;.vc_custom_1659005550202{background-color: #5eb4ee !important;}&#8220;][vc_column el_class=&#8220;stretch white&#8220; offset=&#8220;vc_col-lg-6 vc_col-md-6 vc_col-xs-12&#8243;][vc_column_text]<\/p>\n<h3><em>Kontaktieren Sie unser Restaurant f\u00fcr eine Tischreservierung oder buchen Sie online<\/em><\/h3>\n<p>Wenn Sie einen Tisch in unserem Restaurant reservieren m\u00f6chten, k\u00f6nnen Sie uns unter <a href=\"tel:75278510\">(+45) 75 27 85 10<\/a>.<\/p>\n<p>Alternativ k\u00f6nnen Sie auch online \u00fcber unser <a class=\"smooth-scroll\" href=\"\/#booking\">Online-Buchungsformular<\/a> einen Tisch reservieren.<\/p>\n<p>Wenn Sie f\u00fcr denselben Tag einen Tisch reservieren m\u00f6chten, muss dies telefonisch erfolgen[\/vc_column_text][vc_empty_space height=&#8220;30px&#8220;][vc_btn title=&#8220;Kontaktiere uns&#8220; style=&#8220;custom&#8220; custom_background=&#8220;#2f71a4&#8243; custom_text=&#8220;#ffffff&#8220; shape=&#8220;square&#8220; size=&#8220;sm&#8220; align=&#8220;left&#8220; link=&#8220;url:%2F%23kontakt|title:Kontakt|&#8220; el_class=&#8220;tag-link&#8220;][\/vc_column][vc_column css=&#8220;.vc_custom_1658754544011{background-image: url(https:\/\/blaavandfisk.dk\/wp-content\/uploads\/2022\/07\/istock-1141194375-scaled.jpg?id=3409) !important;background-position: center !important;background-repeat: no-repeat !important;background-size: cover !important;}&#8220; offset=&#8220;vc_col-lg-6 vc_col-md-6 vc_col-xs-12&#8243;]<div class=\"ult-spacer spacer-69d1e2cec45de\" data-id=\"69d1e2cec45de\" data-height=\"0\" data-height-mobile=\"200\" data-height-tab=\"0\" data-height-tab-portrait=\"300\" data-height-mobile-landscape=\"250\" style=\"clear:both;display:block;\"><\/div>[\/vc_column][\/vc_row]<\/p>\n<\/section>","protected":false},"excerpt":{"rendered":"<p>[vc_row full_width=&#8220;stretch_row&#8220;][vc_column][vc_column_text] Das Gesch\u00e4ft Bl\u00e5vand Fischrestaurant ist auch ein gro\u00dfer Fischgesch\u00e4ft Wir nimmt immer nur frischen Fisch direkt auf der Fischauktion in Hvide Sande und Esbjerg auf. o wissen wir, f\u00fcr Qualit\u00e4t und wir w\u00e4hlen nur das Beste. Hier finden Sie eine gro\u00dfe Auswahl an Fisch von Scholle und Hering zu Lachs und Forelle &#8230; &#8230; <a title=\"Fisch-laden\" class=\"read-more\" href=\"https:\/\/blaavandfisk.dk\/de\/fisch-laden\/\" aria-label=\"Mehr zu Fisch-laden\">Weiterlesen &#8230;<\/a><\/p>\n","protected":false},"author":1,"featured_media":0,"parent":0,"menu_order":10,"comment_status":"closed","ping_status":"closed","template":"","meta":{"_acf_changed":false,"footnotes":""},"categories":[],"acf":[],"yoast_head":"<!-- This site is optimized with the Yoast SEO plugin v22.4 - https:\/\/yoast.com\/wordpress\/plugins\/seo\/ -->\n<title>Fisch-laden &#183; Bl\u00e5vand&#039;s Fiskerestaurant<\/title>\n<meta name=\"robots\" content=\"index, follow, max-snippet:-1, max-image-preview:large, max-video-preview:-1\" \/>\n<link rel=\"canonical\" href=\"https:\/\/blaavandfisk.dk\/de\/fisch-laden\/\" \/>\n<meta property=\"og:locale\" content=\"de_DE\" \/>\n<meta property=\"og:type\" content=\"article\" \/>\n<meta property=\"og:title\" content=\"Fisch-laden &#183; Bl\u00e5vand&#039;s Fiskerestaurant\" \/>\n<meta property=\"og:description\" content=\"[vc_row full_width=&#8220;stretch_row&#8220;][vc_column][vc_column_text] Das Gesch\u00e4ft Bl\u00e5vand Fischrestaurant ist auch ein gro\u00dfer Fischgesch\u00e4ft Wir nimmt immer nur frischen Fisch direkt auf der Fischauktion in Hvide Sande und Esbjerg auf. o wissen wir, f\u00fcr Qualit\u00e4t und wir w\u00e4hlen nur das Beste. Hier finden Sie eine gro\u00dfe Auswahl an Fisch von Scholle und Hering zu Lachs und Forelle &#8230; ... Weiterlesen ...\" \/>\n<meta property=\"og:url\" content=\"https:\/\/blaavandfisk.dk\/de\/fisch-laden\/\" \/>\n<meta property=\"og:site_name\" content=\"Bl\u00e5vand&#039;s Fiskerestaurant\" \/>\n<meta property=\"article:modified_time\" content=\"2022-11-04T09:11:48+00:00\" \/>\n<meta name=\"twitter:card\" content=\"summary_large_image\" \/>\n<meta name=\"twitter:label1\" content=\"Gesch\u00e4tzte Lesezeit\" \/>\n\t<meta name=\"twitter:data1\" content=\"2\u00a0Minuten\" \/>\n<script type=\"application\/ld+json\" class=\"yoast-schema-graph\">{\"@context\":\"https:\/\/schema.org\",\"@graph\":[{\"@type\":\"WebPage\",\"@id\":\"https:\/\/blaavandfisk.dk\/de\/fisch-laden\/\",\"url\":\"https:\/\/blaavandfisk.dk\/de\/fisch-laden\/\",\"name\":\"Fisch-laden &#183; Bl\u00e5vand&#039;s Fiskerestaurant\",\"isPartOf\":{\"@id\":\"https:\/\/blaavandfisk.dk\/#website\"},\"datePublished\":\"2022-07-25T08:54:50+00:00\",\"dateModified\":\"2022-11-04T09:11:48+00:00\",\"breadcrumb\":{\"@id\":\"https:\/\/blaavandfisk.dk\/de\/fisch-laden\/#breadcrumb\"},\"inLanguage\":\"de\",\"potentialAction\":[{\"@type\":\"ReadAction\",\"target\":[\"https:\/\/blaavandfisk.dk\/de\/fisch-laden\/\"]}]},{\"@type\":\"BreadcrumbList\",\"@id\":\"https:\/\/blaavandfisk.dk\/de\/fisch-laden\/#breadcrumb\",\"itemListElement\":[{\"@type\":\"ListItem\",\"position\":1,\"name\":\"Hjem\",\"item\":\"https:\/\/blaavandfisk.dk\/de\/\"},{\"@type\":\"ListItem\",\"position\":2,\"name\":\"Fisch-laden\"}]},{\"@type\":\"WebSite\",\"@id\":\"https:\/\/blaavandfisk.dk\/#website\",\"url\":\"https:\/\/blaavandfisk.dk\/\",\"name\":\"Bl\u00e5vand&#039;s Fiskerestaurant\",\"description\":\"Fiskehandler i Bl\u00e5vand med stort udvalg af frisk fisk\",\"publisher\":{\"@id\":\"https:\/\/blaavandfisk.dk\/#organization\"},\"potentialAction\":[{\"@type\":\"SearchAction\",\"target\":{\"@type\":\"EntryPoint\",\"urlTemplate\":\"https:\/\/blaavandfisk.dk\/?s={search_term_string}\"},\"query-input\":\"required name=search_term_string\"}],\"inLanguage\":\"de\"},{\"@type\":\"Organization\",\"@id\":\"https:\/\/blaavandfisk.dk\/#organization\",\"name\":\"Bl\u00e5vand&#039;s Fiskerestaurant\",\"url\":\"https:\/\/blaavandfisk.dk\/\",\"logo\":{\"@type\":\"ImageObject\",\"inLanguage\":\"de\",\"@id\":\"https:\/\/blaavandfisk.dk\/#\/schema\/logo\/image\/\",\"url\":\"https:\/\/blaavandfisk.dk\/wp-content\/uploads\/2022\/07\/logo-501.png\",\"contentUrl\":\"https:\/\/blaavandfisk.dk\/wp-content\/uploads\/2022\/07\/logo-501.png\",\"width\":473,\"height\":269,\"caption\":\"Bl\u00e5vand&#039;s Fiskerestaurant\"},\"image\":{\"@id\":\"https:\/\/blaavandfisk.dk\/#\/schema\/logo\/image\/\"}}]}<\/script>\n<!-- \/ Yoast SEO plugin. -->","yoast_head_json":{"title":"Fisch-laden &#183; Bl\u00e5vand&#039;s Fiskerestaurant","robots":{"index":"index","follow":"follow","max-snippet":"max-snippet:-1","max-image-preview":"max-image-preview:large","max-video-preview":"max-video-preview:-1"},"canonical":"https:\/\/blaavandfisk.dk\/de\/fisch-laden\/","og_locale":"de_DE","og_type":"article","og_title":"Fisch-laden &#183; Bl\u00e5vand&#039;s Fiskerestaurant","og_description":"[vc_row full_width=&#8220;stretch_row&#8220;][vc_column][vc_column_text] Das Gesch\u00e4ft Bl\u00e5vand Fischrestaurant ist auch ein gro\u00dfer Fischgesch\u00e4ft Wir nimmt immer nur frischen Fisch direkt auf der Fischauktion in Hvide Sande und Esbjerg auf. o wissen wir, f\u00fcr Qualit\u00e4t und wir w\u00e4hlen nur das Beste. Hier finden Sie eine gro\u00dfe Auswahl an Fisch von Scholle und Hering zu Lachs und Forelle &#8230; ... Weiterlesen ...","og_url":"https:\/\/blaavandfisk.dk\/de\/fisch-laden\/","og_site_name":"Bl\u00e5vand&#039;s Fiskerestaurant","article_modified_time":"2022-11-04T09:11:48+00:00","twitter_card":"summary_large_image","twitter_misc":{"Gesch\u00e4tzte Lesezeit":"2\u00a0Minuten"},"schema":{"@context":"https:\/\/schema.org","@graph":[{"@type":"WebPage","@id":"https:\/\/blaavandfisk.dk\/de\/fisch-laden\/","url":"https:\/\/blaavandfisk.dk\/de\/fisch-laden\/","name":"Fisch-laden &#183; Bl\u00e5vand&#039;s Fiskerestaurant","isPartOf":{"@id":"https:\/\/blaavandfisk.dk\/#website"},"datePublished":"2022-07-25T08:54:50+00:00","dateModified":"2022-11-04T09:11:48+00:00","breadcrumb":{"@id":"https:\/\/blaavandfisk.dk\/de\/fisch-laden\/#breadcrumb"},"inLanguage":"de","potentialAction":[{"@type":"ReadAction","target":["https:\/\/blaavandfisk.dk\/de\/fisch-laden\/"]}]},{"@type":"BreadcrumbList","@id":"https:\/\/blaavandfisk.dk\/de\/fisch-laden\/#breadcrumb","itemListElement":[{"@type":"ListItem","position":1,"name":"Hjem","item":"https:\/\/blaavandfisk.dk\/de\/"},{"@type":"ListItem","position":2,"name":"Fisch-laden"}]},{"@type":"WebSite","@id":"https:\/\/blaavandfisk.dk\/#website","url":"https:\/\/blaavandfisk.dk\/","name":"Bl\u00e5vand&#039;s Fiskerestaurant","description":"Fiskehandler i Bl\u00e5vand med stort udvalg af frisk fisk","publisher":{"@id":"https:\/\/blaavandfisk.dk\/#organization"},"potentialAction":[{"@type":"SearchAction","target":{"@type":"EntryPoint","urlTemplate":"https:\/\/blaavandfisk.dk\/?s={search_term_string}"},"query-input":"required name=search_term_string"}],"inLanguage":"de"},{"@type":"Organization","@id":"https:\/\/blaavandfisk.dk\/#organization","name":"Bl\u00e5vand&#039;s Fiskerestaurant","url":"https:\/\/blaavandfisk.dk\/","logo":{"@type":"ImageObject","inLanguage":"de","@id":"https:\/\/blaavandfisk.dk\/#\/schema\/logo\/image\/","url":"https:\/\/blaavandfisk.dk\/wp-content\/uploads\/2022\/07\/logo-501.png","contentUrl":"https:\/\/blaavandfisk.dk\/wp-content\/uploads\/2022\/07\/logo-501.png","width":473,"height":269,"caption":"Bl\u00e5vand&#039;s Fiskerestaurant"},"image":{"@id":"https:\/\/blaavandfisk.dk\/#\/schema\/logo\/image\/"}}]}},"_links":{"self":[{"href":"https:\/\/blaavandfisk.dk\/de\/wp-json\/wp\/v2\/pages\/3672"}],"collection":[{"href":"https:\/\/blaavandfisk.dk\/de\/wp-json\/wp\/v2\/pages"}],"about":[{"href":"https:\/\/blaavandfisk.dk\/de\/wp-json\/wp\/v2\/types\/page"}],"author":[{"embeddable":true,"href":"https:\/\/blaavandfisk.dk\/de\/wp-json\/wp\/v2\/users\/1"}],"replies":[{"embeddable":true,"href":"https:\/\/blaavandfisk.dk\/de\/wp-json\/wp\/v2\/comments?post=3672"}],"version-history":[{"count":2,"href":"https:\/\/blaavandfisk.dk\/de\/wp-json\/wp\/v2\/pages\/3672\/revisions"}],"predecessor-version":[{"id":3674,"href":"https:\/\/blaavandfisk.dk\/de\/wp-json\/wp\/v2\/pages\/3672\/revisions\/3674"}],"wp:attachment":[{"href":"https:\/\/blaavandfisk.dk\/de\/wp-json\/wp\/v2\/media?parent=3672"}],"wp:term":[{"taxonomy":"category","embeddable":true,"href":"https:\/\/blaavandfisk.dk\/de\/wp-json\/wp\/v2\/categories?post=3672"}],"curies":[{"name":"wp","href":"https:\/\/api.w.org\/{rel}","templated":true}]}}